{"id":286,"date":"2016-10-31T13:17:59","date_gmt":"2016-10-31T16:17:59","guid":{"rendered":"https:\/\/isfd76-bue.infd.edu.ar\/sitio\/?page_id=286"},"modified":"2018-08-30T13:45:04","modified_gmt":"2018-08-30T16:45:04","slug":"inicio","status":"publish","type":"page","link":"https:\/\/isfd76-bue.infd.edu.ar\/sitio\/","title":{"rendered":"Inicio"},"content":{"rendered":"<div id=\"metaslider-id-403\" style=\"width: 100%;\" class=\"ml-slider-3-33-0 metaslider metaslider-flex metaslider-403 ml-slider ms-theme-default\" role=\"region\" aria-roledescription=\"Slideshow\" aria-label=\"Slideshow\">\n    <div id=\"metaslider_container_403\">\n        <div id=\"metaslider_403\" class=\"flexslider\">\n            <ul aria-live=\"polite\" class=\"slides\">\n                <li style=\"display: block; width: 100%;\" class=\"slide-607 ms-image\" aria-roledescription=\"slide\" aria-label=\"slide-607\"><a href=\"https:\/\/mapa.infd.edu.ar\/\" target=\"_blank\"><img src=\"https:\/\/isfd76-bue.infd.edu.ar\/sitio\/wp-content\/uploads\/2018\/06\/mapa_infd6-1100x200.png\" height=\"200\" width=\"1100\" alt=\"\" class=\"slider-403 slide-607\" title=\"mapa_infd6\" \/><\/a><\/li>\n                <li style=\"display: none; width: 100%;\" class=\"slide-609 ms-image\" aria-roledescription=\"slide\" aria-label=\"slide-609\"><a href=\"https:\/\/www.argentina.gob.ar\/educacion\/becas\" target=\"_blank\"><img src=\"https:\/\/isfd76-bue.infd.edu.ar\/sitio\/wp-content\/uploads\/2018\/06\/becas7-1100x200.png\" height=\"200\" width=\"1100\" alt=\"\" class=\"slider-403 slide-609\" title=\"becas7\" \/><\/a><\/li>\n                <li style=\"display: none; width: 100%;\" class=\"slide-635 ms-image\" aria-roledescription=\"slide\" aria-label=\"slide-635\"><a href=\"https:\/\/www.argentina.gob.ar\/tema\/estudiar\/formacion-docencia\" target=\"_blank\"><img src=\"https:\/\/isfd76-bue.infd.edu.ar\/sitio\/wp-content\/uploads\/2018\/06\/convocatorias_slide6-1-1100x200.png\" height=\"200\" width=\"1100\" alt=\"\" class=\"slider-403 slide-635\" title=\"convocatorias_slide6-1\" \/><\/a><\/li>\n            <\/ul>\n        <\/div>\n        \n    <\/div>\n<\/div>\n<table id=\"table1\" style=\"border-top-width: 0px; border-left-width: 0px; border-right-width: 0px;\" border=\"1\" width=\"500\" cellspacing=\"0\" cellpadding=\"10\">\n<tbody>\n<tr>\n<td style=\"border: 1px solid; text-align: justify;\">\n<p style=\"text-align: center;\"><span style=\"color: #800080;\"><strong><span style=\"font-family: arial,helvetica,sans-serif; font-size: 18pt;\">Instituto Superior de Formaci\u00f3n Docente\u00a0 y Tecnico N\u00ba 76<\/span><\/strong><\/span><\/p>\n<p>&nbsp;<\/p>\n<p style=\"text-align: center;\"><span style=\"color: #0000ff;\"><span style=\"font-size: 10pt; font-family: Verdana;\">E<\/span><span style=\"font-size: 10pt; font-family: Verdana;\">ste<span style=\"font-size: 14pt;\"> Instituto Superior de Formaci\u00f3n Docente y T\u00e9cnico<\/span> forma parte del sistema de educaci\u00f3n p\u00fablica de gesti\u00f3n estatal.<\/span><\/span><\/p>\n<p style=\"text-align: center;\"><span style=\"color: #3e748e; font-family: arial,helvetica,sans-serif; font-size: 14pt;\"><img decoding=\"async\" loading=\"lazy\" class=\"aligncenter\" title=\"Instituto\" src=\"https:\/\/isfd76-bue.infd.edu.ar\/sitio\/wp-content\/uploads\/2018\/08\/Escuela_1.jpg\" alt=\"Instituto\" width=\"463\" height=\"234\" border=\"0\" \/><\/span><span style=\"font-size: 10pt; color: black; font-family: Verdana;\">l.<\/span><\/p>\n<p style=\"text-align: justify;\"><span style=\"font-size: 10pt; color: black; font-family: Verdana;\"><span style=\"color: #800080; font-size: 12pt;\">A trav\u00e9s de este sitio en Internet, somos parte de la red de esta comunidad educativa, el ISFDyT N\u00b0 76 de General Alvear es un nodo m\u00e1s en la regi\u00f3n para compartir experiencias.<\/span><br \/>\n<\/span><\/p>\n<p><span style=\"font-size: 14pt; color: black; font-family: Verdana;\"><img decoding=\"async\" src=\"https:\/\/isfd76-bue.infd.edu.ar\/sitio\/wp-content\/uploads\/2018\/08\/la_red.jpg\" alt=\"Red virtual\" align=\"left\" border=\"0\" hspace=\"10\" \/><\/span><strong><span style=\"font-size: 10pt; color: black; font-family: Verdana;\">Junto con varios cientos de Institutos, integramos <em><span style=\"text-decoration: underline;\">la <span style=\"font-family: Verdana;\">Red\u00a0Virtual de Institutos Superiores de Formaci\u00f3n Docente<\/span><\/span><\/em>\u00a0coordinada por el <span style=\"font-family: Verdana;\">INFD<\/span> (Instituto Nacional de Formaci\u00f3n Docente) dependiente del Ministerio de Educaci\u00f3n de la Naci\u00f3n Argentina.<\/span><\/strong><\/td>\n<\/tr>\n<\/tbody>\n<\/table>\n","protected":false},"excerpt":{"rendered":"<p>Instituto Superior de Formaci\u00f3n Docente\u00a0 y Tecnico N\u00ba 76 &nbsp; Este Instituto Superior de Formaci\u00f3n Docente y T\u00e9cnico forma parte del sistema de educaci\u00f3n p\u00fablica de gesti\u00f3n estatal. l. A trav\u00e9s de este sitio en Internet, somos parte de la red de esta comunidad educativa, el ISFDyT N\u00b0 76 de General Alvear es un nodo &#8230; <a title=\"Inicio\" class=\"read-more\" href=\"https:\/\/isfd76-bue.infd.edu.ar\/sitio\/\" aria-label=\"More on Inicio\">[+]<\/a><\/p>\n","protected":false},"author":1,"featured_media":0,"parent":0,"menu_order":0,"comment_status":"closed","ping_status":"closed","template":"","meta":[],"acf":[],"_links":{"self":[{"href":"https:\/\/isfd76-bue.infd.edu.ar\/sitio\/wp-json\/wp\/v2\/pages\/286"}],"collection":[{"href":"https:\/\/isfd76-bue.infd.edu.ar\/sitio\/wp-json\/wp\/v2\/pages"}],"about":[{"href":"https:\/\/isfd76-bue.infd.edu.ar\/sitio\/wp-json\/wp\/v2\/types\/page"}],"author":[{"embeddable":true,"href":"https:\/\/isfd76-bue.infd.edu.ar\/sitio\/wp-json\/wp\/v2\/users\/1"}],"replies":[{"embeddable":true,"href":"https:\/\/isfd76-bue.infd.edu.ar\/sitio\/wp-json\/wp\/v2\/comments?post=286"}],"version-history":[{"count":78,"href":"https:\/\/isfd76-bue.infd.edu.ar\/sitio\/wp-json\/wp\/v2\/pages\/286\/revisions"}],"predecessor-version":[{"id":774,"href":"https:\/\/isfd76-bue.infd.edu.ar\/sitio\/wp-json\/wp\/v2\/pages\/286\/revisions\/774"}],"wp:attachment":[{"href":"https:\/\/isfd76-bue.infd.edu.ar\/sitio\/wp-json\/wp\/v2\/media?parent=286"}],"curies":[{"name":"wp","href":"https:\/\/api.w.org\/{rel}","templated":true}]}}